{"id":624,"date":"2016-07-25T14:06:04","date_gmt":"2016-07-25T14:06:04","guid":{"rendered":"http:\/\/www.familyaguaamarga.com\/en\/cookies\/"},"modified":"2017-01-30T12:00:50","modified_gmt":"2017-01-30T12:00:50","slug":"cookies","status":"publish","type":"page","link":"https:\/\/www.familyaguaamarga.com\/en\/cookies\/","title":{"rendered":"cookies"},"content":{"rendered":"<p>USO DE COOKIES<\/p>\n<p>\u00bfQU\u00c9 SON LAS COOKIES Y C\u00d3MO LAS USA FAMILYAGUAMARGA?<\/p>\n<p>FAMILYAGUAMARGA, por su propia cuenta o la de un tercero contratado para la prestaci\u00f3n de<br \/>\nservicios de medici\u00f3n, puede utilizar cookies cuando un usuario navega por la Web. Las cookies<br \/>\nson ficheros enviados al navegador por medio de un servidor web con la finalidad de registrar l<br \/>\nas actividades del usuario durante su tiempo de navegaci\u00f3n.<br \/>\nMediante el uso de las cookies<br \/>\nresulta posible que el servidor donde se encuentra la Web, reconozca el navegador web<br \/>\nutilizado por el usuario con la finalidad de que la navegaci\u00f3n sea m\u00e1s sencilla, permitiendo, por<br \/>\nejemplo, el acceso a los usuarios que se hayan registrado previamente, acceder a las \u00e1reas,<br \/>\nservicios, promociones o concursos reservados exclusivamente a ellos sin tener que registrarse<br \/>\nen cada visita. Se utilizan tambi\u00e9n para medir la audiencia y par\u00e1metros del tr\u00e1fico, controlar<br \/>\nel progreso y n\u00famero de entradas.<\/p>\n<p>Garant\u00edas sobre el uso de las cookies: Las cookies utilizadas por el sitio Web se asocian<br \/>\n\u00fanicamente con usuarios an\u00f3nimos y su ordenador y no proporcionan por s\u00ed mismas datos<br \/>\npersonales sobre los usuarios.<\/p>\n<p>Algunas cookies son utilizadas por terceros (ej. Google) para facilitar a FAMILYAGUAMARGA datos<br \/>\nsobre la efectividad de sus promociones. En ning\u00fan caso las cookies recaban informaci\u00f3n<br \/>\npersonal con la que se pueda identificar a un usuario en espec\u00edfico.<br \/>\nLas cookies utilizadas en la<br \/>\nWeb tienen, en todo caso, car\u00e1cter temporal, con la \u00fanica finalidad de hacer m\u00e1s eficaz su<br \/>\ntransmisi\u00f3n ulterior. Ninguna de las cookies utilizadas en la Web tendr\u00e1 un periodo de vigencia<br \/>\nsuperior a dos a\u00f1os.<br \/>\nLos usuarios tienen la posibilidad de configurar su navegador para ser<br \/>\navisados de la recepci\u00f3n de cookies y para impedir la instalaci\u00f3n en su equipo.<br \/>\nEl usuario, al<br \/>\neliminar las cookies de FAMILYAGUAMARGA o deshabilitarlas, se expone a no poder acceder a<br \/>\ndeterminadas funcionalidades de la Web.<br \/>\nPara utilizar la Web, no resulta necesario que los<br \/>\nusuarios permitan la instalaci\u00f3n de las cookies, sin perjuicio de que sea necesario que los<br \/>\nmismos inicien sesi\u00f3n como tal en cada uno de los servicios cuya prestaci\u00f3n requiera el previo<br \/>\nregistro o inicio de sesi\u00f3n.<\/p>\n<p>&nbsp;<\/p>\n<p>&nbsp;<\/p>\n<p>&nbsp;<\/p>\n<p>\u00bfQU\u00c9 TIPOS DE COOKIES USA FAMILYAGUAMARGA ?<\/p>\n<p>FAMILYAGUAMARGA utiliza cuatro tipos de cookies:<\/p>\n<p>\u2013 Cookies t\u00e9cnicas:<br \/>\nPermiten al usuario navegar por la Web y usar funcionalidades tales como la bolsa de la compra o la Wishlist.<br \/>\n\u2013 Cookies de an\u00e1lisis:<\/p>\n<p>FAMILYAGUAMARGA utiliza cookies de Google Analytics para cuantificar el n\u00famero de usuarios que visitan la Web. Estas cookies permiten medir y analizar la forma en que los usuarios navegan por la Web. Esta informaci\u00f3n permite a FAMILYAGUAMARGA mejorar continuamente sus servicios y la experiencia de compra de los usuarios de la Web.<\/p>\n<p>\u2013 Cookies de personalizaci\u00f3n:<\/p>\n<p>Cuando el usuario est\u00e1 navegando o comprando a trav\u00e9s de la Web, el sitio web recordar\u00e1 sus preferencias (por ejemplo, su ubicaci\u00f3n o el idioma de preferencia). Gracias a estas cookies es posible ofrecer una experiencia de navegaci\u00f3n m\u00e1s simple, sencilla y personalizada para los usuarios.<\/p>\n<p>\u2013 Cookies publicitarias:<br \/>\nEstas cookies son utilizadas para mostrar anuncios relevantes para los usuarios. Adem\u00e1s, limitan el n\u00famero de veces que cada usuario visualiza un anuncio y ayuda a FAMILYAGUAMARGA a medir la efectividad de sus campa\u00f1as publicitarias. Al navegar por la Web, el usuario acepta que FAMILYAGUAMARGA descargue este tipo de cookies en su dispositivo y realice consultas cu\u00e1ndo el usuario visite la Web de FAMILYAGUAMARGA en el futuro.<\/p>\n<p>\u00bfQU\u00c9 OCURRE CON LOS ENLACES A OTRAS P\u00c1GINAS WEB?<\/p>\n<p>&nbsp;<\/p>\n<p>La Web puede contener enlaces a otros sitios web, con pol\u00edticas de privacidad diferentes a la<br \/>\nde FAMILYAGUAMARGA. En este sentido, FAMILYAGUAMARGA no se hace responsable del contenido o<br \/>\npr\u00e1cticas de los sitios enlazados. FAMILYAGUAMARGA recomienda a los usuarios de la Web que<br \/>\nrevisen la pol\u00edtica de privacidad de cualquier sitio web al que puedan acceder a trav\u00e9s de<br \/>\nbossapalma.com.<\/p>\n<p>&nbsp;<\/p>\n<p>\u00bfC\u00d3MO RECOPILA Y USA FAMILYAGUAMARGA LAS DIRECCIONES IP?<\/p>\n<p>Los servidores de la Web podr\u00e1n detectar de manera autom\u00e1tica la direcci\u00f3n IP y el nombre de<br \/>\ndominio utilizados por los usuarios. Una direcci\u00f3n IP es un n\u00famero asignado autom\u00e1ticamente<br \/>\na un ordenador cuando \u00e9ste se conecta a Internet. Esta informaci\u00f3n permite el posterior<br \/>\nprocesamiento de los datos con el fin de obtener mediciones \u00fanicamente estad\u00edsticas que<br \/>\npermitan conocer el n\u00famero de visitas realizadas a la Web, el orden de visitas, el punto de<br \/>\nacceso, etc.<\/p>\n","protected":false},"excerpt":{"rendered":"<p>USO DE COOKIES \u00bfQU\u00c9 SON LAS COOKIES Y C\u00d3MO LAS USA FAMILYAGUAMARGA? FAMILYAGUAMARGA, por su propia cuenta o la de un tercero contratado para la prestaci\u00f3n de servicios de medici\u00f3n, puede utilizar cookies cuando un usuario navega por la Web. Las cookies son ficheros enviados al navegador por medio de un servidor web con la&hellip;<\/p>\n","protected":false},"author":1,"featured_media":0,"parent":0,"menu_order":0,"comment_status":"closed","ping_status":"closed","template":"","meta":{"footnotes":""},"class_list":["post-624","page","type-page","status-publish","hentry","description-off"],"yoast_head":"<!-- This site is optimized with the Yoast SEO plugin v27.3 - https:\/\/yoast.com\/product\/yoast-seo-wordpress\/ -->\n<title>cookies - Family Aguamarga<\/title>\n<meta name=\"robots\" content=\"index, follow, max-snippet:-1, max-image-preview:large, max-video-preview:-1\" \/>\n<link rel=\"canonical\" href=\"https:\/\/www.familyaguaamarga.com\/en\/cookies\/\" \/>\n<meta property=\"og:locale\" content=\"en_US\" \/>\n<meta property=\"og:type\" content=\"article\" \/>\n<meta property=\"og:title\" content=\"cookies - Family Aguamarga\" \/>\n<meta property=\"og:description\" content=\"USO DE COOKIES \u00bfQU\u00c9 SON LAS COOKIES Y C\u00d3MO LAS USA FAMILYAGUAMARGA? FAMILYAGUAMARGA, por su propia cuenta o la de un tercero contratado para la prestaci\u00f3n de servicios de medici\u00f3n, puede utilizar cookies cuando un usuario navega por la Web. Las cookies son ficheros enviados al navegador por medio de un servidor web con la&hellip;\" \/>\n<meta property=\"og:url\" content=\"https:\/\/www.familyaguaamarga.com\/en\/cookies\/\" \/>\n<meta property=\"og:site_name\" content=\"Family Aguamarga\" \/>\n<meta property=\"article:modified_time\" content=\"2017-01-30T12:00:50+00:00\" \/>\n<meta name=\"twitter:card\" content=\"summary_large_image\" \/>\n<meta name=\"twitter:label1\" content=\"Est. reading time\" \/>\n\t<meta name=\"twitter:data1\" content=\"4 minutes\" \/>\n<script type=\"application\/ld+json\" class=\"yoast-schema-graph\">{\"@context\":\"https:\\\/\\\/schema.org\",\"@graph\":[{\"@type\":\"WebPage\",\"@id\":\"https:\\\/\\\/www.familyaguaamarga.com\\\/en\\\/cookies\\\/\",\"url\":\"https:\\\/\\\/www.familyaguaamarga.com\\\/en\\\/cookies\\\/\",\"name\":\"cookies - Family Aguamarga\",\"isPartOf\":{\"@id\":\"https:\\\/\\\/www.familyaguaamarga.com\\\/#website\"},\"datePublished\":\"2016-07-25T14:06:04+00:00\",\"dateModified\":\"2017-01-30T12:00:50+00:00\",\"breadcrumb\":{\"@id\":\"https:\\\/\\\/www.familyaguaamarga.com\\\/en\\\/cookies\\\/#breadcrumb\"},\"inLanguage\":\"en-US\",\"potentialAction\":[{\"@type\":\"ReadAction\",\"target\":[\"https:\\\/\\\/www.familyaguaamarga.com\\\/en\\\/cookies\\\/\"]}]},{\"@type\":\"BreadcrumbList\",\"@id\":\"https:\\\/\\\/www.familyaguaamarga.com\\\/en\\\/cookies\\\/#breadcrumb\",\"itemListElement\":[{\"@type\":\"ListItem\",\"position\":1,\"name\":\"Portada\",\"item\":\"https:\\\/\\\/www.familyaguaamarga.com\\\/en\\\/home\\\/\"},{\"@type\":\"ListItem\",\"position\":2,\"name\":\"cookies\"}]},{\"@type\":\"WebSite\",\"@id\":\"https:\\\/\\\/www.familyaguaamarga.com\\\/#website\",\"url\":\"https:\\\/\\\/www.familyaguaamarga.com\\\/\",\"name\":\"Family Aguamarga\",\"description\":\"Habitaciones con encanto\",\"potentialAction\":[{\"@type\":\"SearchAction\",\"target\":{\"@type\":\"EntryPoint\",\"urlTemplate\":\"https:\\\/\\\/www.familyaguaamarga.com\\\/?s={search_term_string}\"},\"query-input\":{\"@type\":\"PropertyValueSpecification\",\"valueRequired\":true,\"valueName\":\"search_term_string\"}}],\"inLanguage\":\"en-US\"}]}<\/script>\n<!-- \/ Yoast SEO plugin. -->","yoast_head_json":{"title":"cookies - Family Aguamarga","robots":{"index":"index","follow":"follow","max-snippet":"max-snippet:-1","max-image-preview":"max-image-preview:large","max-video-preview":"max-video-preview:-1"},"canonical":"https:\/\/www.familyaguaamarga.com\/en\/cookies\/","og_locale":"en_US","og_type":"article","og_title":"cookies - Family Aguamarga","og_description":"USO DE COOKIES \u00bfQU\u00c9 SON LAS COOKIES Y C\u00d3MO LAS USA FAMILYAGUAMARGA? FAMILYAGUAMARGA, por su propia cuenta o la de un tercero contratado para la prestaci\u00f3n de servicios de medici\u00f3n, puede utilizar cookies cuando un usuario navega por la Web. Las cookies son ficheros enviados al navegador por medio de un servidor web con la&hellip;","og_url":"https:\/\/www.familyaguaamarga.com\/en\/cookies\/","og_site_name":"Family Aguamarga","article_modified_time":"2017-01-30T12:00:50+00:00","twitter_card":"summary_large_image","twitter_misc":{"Est. reading time":"4 minutes"},"schema":{"@context":"https:\/\/schema.org","@graph":[{"@type":"WebPage","@id":"https:\/\/www.familyaguaamarga.com\/en\/cookies\/","url":"https:\/\/www.familyaguaamarga.com\/en\/cookies\/","name":"cookies - Family Aguamarga","isPartOf":{"@id":"https:\/\/www.familyaguaamarga.com\/#website"},"datePublished":"2016-07-25T14:06:04+00:00","dateModified":"2017-01-30T12:00:50+00:00","breadcrumb":{"@id":"https:\/\/www.familyaguaamarga.com\/en\/cookies\/#breadcrumb"},"inLanguage":"en-US","potentialAction":[{"@type":"ReadAction","target":["https:\/\/www.familyaguaamarga.com\/en\/cookies\/"]}]},{"@type":"BreadcrumbList","@id":"https:\/\/www.familyaguaamarga.com\/en\/cookies\/#breadcrumb","itemListElement":[{"@type":"ListItem","position":1,"name":"Portada","item":"https:\/\/www.familyaguaamarga.com\/en\/home\/"},{"@type":"ListItem","position":2,"name":"cookies"}]},{"@type":"WebSite","@id":"https:\/\/www.familyaguaamarga.com\/#website","url":"https:\/\/www.familyaguaamarga.com\/","name":"Family Aguamarga","description":"Habitaciones con encanto","potentialAction":[{"@type":"SearchAction","target":{"@type":"EntryPoint","urlTemplate":"https:\/\/www.familyaguaamarga.com\/?s={search_term_string}"},"query-input":{"@type":"PropertyValueSpecification","valueRequired":true,"valueName":"search_term_string"}}],"inLanguage":"en-US"}]}},"_links":{"self":[{"href":"https:\/\/www.familyaguaamarga.com\/en\/wp-json\/wp\/v2\/pages\/624","targetHints":{"allow":["GET"]}}],"collection":[{"href":"https:\/\/www.familyaguaamarga.com\/en\/wp-json\/wp\/v2\/pages"}],"about":[{"href":"https:\/\/www.familyaguaamarga.com\/en\/wp-json\/wp\/v2\/types\/page"}],"author":[{"embeddable":true,"href":"https:\/\/www.familyaguaamarga.com\/en\/wp-json\/wp\/v2\/users\/1"}],"replies":[{"embeddable":true,"href":"https:\/\/www.familyaguaamarga.com\/en\/wp-json\/wp\/v2\/comments?post=624"}],"version-history":[{"count":1,"href":"https:\/\/www.familyaguaamarga.com\/en\/wp-json\/wp\/v2\/pages\/624\/revisions"}],"predecessor-version":[{"id":625,"href":"https:\/\/www.familyaguaamarga.com\/en\/wp-json\/wp\/v2\/pages\/624\/revisions\/625"}],"wp:attachment":[{"href":"https:\/\/www.familyaguaamarga.com\/en\/wp-json\/wp\/v2\/media?parent=624"}],"curies":[{"name":"wp","href":"https:\/\/api.w.org\/{rel}","templated":true}]}}